{"id":333,"date":"2019-04-12T07:14:39","date_gmt":"2019-04-12T07:14:39","guid":{"rendered":"https:\/\/bajamarhoteles.com\/?page_id=333"},"modified":"2019-04-12T10:35:05","modified_gmt":"2019-04-12T10:35:05","slug":"nerja","status":"publish","type":"page","link":"https:\/\/bajamarhoteles.com\/index.php\/nerja\/","title":{"rendered":"Nerja"},"content":{"rendered":"<p>[vc_row css_animation=\u00bb\u00bb row_type=\u00bbrow\u00bb use_row_as_full_screen_section=\u00bbno\u00bb type=\u00bbfull_width\u00bb angled_section=\u00bbno\u00bb text_align=\u00bbleft\u00bb background_image_as_pattern=\u00bbwithout_pattern\u00bb][vc_column width=\u00bb2\/3&#8243;][vc_column_text]<\/p>\n<h2><strong>CONOCE NERJA<\/strong><\/h2>\n<p>&nbsp;<\/p>\n<p>Nerja es la ciudad tur\u00edstica m\u00e1s importante de la Costa del Sol oriental. Magn\u00edficamente cuidada, posee unos acantilados \u00fanicos, los de Maro, junto a unas playas de gran calidad.<\/p>\n<p>Ciudad tranquila y cosmopolita, Nerja posee un gran n\u00famero de calles peatonales donde poder pasear y hacer compras. Es inevitable la visita al Balc\u00f3n de Europa, bell\u00edsimo mirador al Mediterr\u00e1neo. Adem\u00e1s de su belleza natural, Nerja posee una aut\u00e9ntica joya arqueol\u00f3gica: La Cueva de Nerja, llamada \u201cCatedral natural de la Costa del Sol\u201d, se encuentra a 750 metros del litoral, a unos 200 metros sobre el nivel del mar. La cavidad abierta al p\u00fablico tiene una superficie de unos 140.000 metros cuadrados, siendo su longitud m\u00e1xima de 700 metros. Pero lo m\u00e1s atrayente es la gran columna situada en la Sala del Cataclismo con una altura de 60 metros y un di\u00e1metro de 18 metros,formada por la fusi\u00f3n de estalactitas y estalagmitas. Un espect\u00e1culo natural que no debe perderse ahora que est\u00e1 de visita en Nerja.<\/p>\n<p>La Cueva de Nerja no s\u00f3lo es famosa por sus yacimientos arqueol\u00f3gicos y su formaci\u00f3n p\u00e9trea, sino tambi\u00e9n por su Festival Internacional de M\u00fasica y Danza, que cada a\u00f1o se repite durante el mes de Julio, festival de gran calidad y en un entorno bell\u00edsimo.[\/vc_column_text][vc_empty_space height=\u00bb50px\u00bb][\/vc_column][vc_column width=\u00bb1\/3&#8243;][vc_empty_space height=\u00bb95px\u00bb][vc_single_image image=\u00bb250&#8243; img_size=\u00bbfull\u00bb alignment=\u00bbright\u00bb qode_css_animation=\u00bb\u00bb][\/vc_column][\/vc_row][vc_row css_animation=\u00bb\u00bb row_type=\u00bbrow\u00bb use_row_as_full_screen_section=\u00bbno\u00bb type=\u00bbfull_width\u00bb angled_section=\u00bbno\u00bb text_align=\u00bbleft\u00bb background_image_as_pattern=\u00bbwithout_pattern\u00bb][vc_column width=\u00bb1\/3&#8243;][vc_empty_space height=\u00bb50px\u00bb][vc_empty_space height=\u00bb50px\u00bb][vc_single_image image=\u00bb336&#8243; img_size=\u00bbfull\u00bb qode_css_animation=\u00bb\u00bb][\/vc_column][vc_column width=\u00bb2\/3&#8243;][vc_column_text]<\/p>\n<h3><strong>DEPORTE<\/strong><\/h3>\n<p>&nbsp;<\/p>\n<p>Si eres un apasionado del golf, no dudes en visitar uno de los tres campos de golf cercanos:<\/p>\n<p>&nbsp;<\/p>\n<p>A\u00d1ORETA GOLF: Rincon de la Victoria, a unos 40 km.<br \/>\nBAVIERA GOLF: Caleta de Velez, a unos 22 km.<br \/>\nEL CANDADO : Malaga, a unos 50 km.<\/p>\n<p>&nbsp;<\/p>\n<p>Y para los aficionados a la raqueta, el Club de Tenis La raqueta dispone de pistas de paddle y tenis en el que podr\u00e1s disfrutar de clases privadas o en grupo.<\/p>\n<p>Nerja tambi\u00e9n te ofrece la posibilidad de realizar rutas en 4\u00d74 disfrutando de las vistas m\u00e1s bellas del entorno de Nerja, donde tendr\u00e1s la posibilidad de contemplar su flora y su fauna.<\/p>\n<p>El submarinismo es otro de los atractivos de Nerja. El Buceo Costa Nerja abierto durante todo el a\u00f1o, es uno de los mejores centros donde practicar esta modalidad con un ambiente familiar que cuenta con los certificados PADI que garantizan una ense\u00f1anza de calidad. Disponen de cursos para todos los niveles, desde principiantes hasta instructores. Tanto si quieres empezar en este mundo como si quieres mejorar tu t\u00e9cnica. Buceo Costa Nerja es el \u00fanico centro de Nerja que ofrece buceo desde barco y carga de botellas con aire enriquecido NITROX.[\/vc_column_text][vc_empty_space height=\u00bb50px\u00bb][\/vc_column][\/vc_row][vc_row css_animation=\u00bb\u00bb row_type=\u00bbrow\u00bb use_row_as_full_screen_section=\u00bbno\u00bb type=\u00bbfull_width\u00bb angled_section=\u00bbno\u00bb text_align=\u00bbleft\u00bb background_image_as_pattern=\u00bbwithout_pattern\u00bb][vc_column][vc_column_text]<\/p>\n<h3><strong>NATURALEZA<\/strong><\/h3>\n<p>&nbsp;<\/p>\n<h4><strong>Parque Natural Sierras de Tejada, Almijara y Alhama<\/strong><\/h4>\n<p>&nbsp;<\/p>\n<p>Las cumbres del Parque Natural Sierras de Tejeda, Almijara y Alhama hacen de frontera natural entre las provincias de M\u00e1laga y Granada. Las sierras de Tejeda y Almijara se ubican del lado malague\u00f1o, en el coraz\u00f3n de la comarca de la Axarqu\u00eda. Alhama se corresponde con la parte m\u00e1s occidental de la provincia de Granada. Desde el pico de Tejeda se pueden divisar, desde sus 2.065 metros de altitud, espectaculares vistas de la costa mediterr\u00e1nea y las sierras vecinas, frecuentada por senderistas y monta\u00f1eros.<\/p>\n<p>En estas sierras predominan los tonos blancos y grises de crestas y barrancos, consecuencia del abundante m\u00e1rmol de la zona. La descomposici\u00f3n de estas rocas crea arenas donde los pinares se adaptan y forman los ecosistemas m\u00e1s extendidos, compuestos por pinos carrascos, negrales e incluso laricios. En las zonas m\u00e1s altas y umbr\u00edas, tambi\u00e9n aparecen robles melojos y arces.<\/p>\n<p>El nombre de Tejeda proviene de lo abundantes que eran \u00e9stos \u00e1rboles en el pasado. Actualmente existe una tejeda, la m\u00e1s meridional de la Pen\u00ednsula Ib\u00e9rica y una de las mejores de Andaluc\u00eda, que se puede observar en el ascenso al Salto del Caballo.<\/p>\n<p>En estos parajes, de \u00e1rboles y roquedos, es f\u00e1cil sorprender durante el vuelo a grandes \u00e1guilas, como la real o la perdicera. Gran inter\u00e9s presenta la poblaci\u00f3n de cabra mont\u00e9s, una especie exclusiva ib\u00e9rica, que tiene en el Parque una de las m\u00e1s numerosas del pa\u00eds.<\/p>\n<p>R\u00edos y arroyos descienden r\u00e1pidamente por las laderas de estas sierras, ofreciendo espectaculares saltos, como Los \u00c1rboles Petrificados, donde el agua caliza mineraliz\u00f3 antiguos troncos. En otros casos, las aguas dan lugar a algunos de los desfiladeros m\u00e1s impresionantes, llamados en este lugar Cahorros. Otros de los elementos geol\u00f3gicos que destacan son la cueva de Nerja, declarada Monumento Nacional, y tambi\u00e9n la sima de la Maroma.<\/p>\n<p>Aunque en este espacio confluyeron diversas culturas, las tres sierras tienen una marcada herencia musulmana, con pueblos blancos repartidos por valles y sierras de dif\u00edcil acceso. El poniente granadino conserva la huella de los \u00faltimos reductos nazar\u00edes en Espa\u00f1a. Sus f\u00e9rtiles tierras, ricas en la producci\u00f3n de frutas tropicales como las de Ot\u00edvar, marcan su gastronom\u00eda. Tradicionales son los potajes de la sierra, la carne de caza, el choto o la elaboraci\u00f3n de artesanales quesos de cabra. Por otro lado, Alhama cuenta con un interesante conjunto monumental y etnogr\u00e1fico, de origen romano, andalus\u00ed y morisco, con fachadas de cal y retorcidos arcos, escalinatas y torreones.<\/p>\n<p>La Axarqu\u00eda malague\u00f1a, de marcado car\u00e1cter morisco, posee una de muestras arquitect\u00f3nicas m\u00e1s representativas en la Torre Alminar del pueblo de Salares. Otro atractivo de la comarca malague\u00f1a se puede degustar en forma de vino moscatel y pasas, siendo la conocida Noche del Vino de Competa una buena oportunidad para saborear estos caldos.<\/p>\n<p>&nbsp;<\/p>\n<h4><strong>Paraje Natural de Acantilados de Maro y Cerro Gordo<\/strong><\/h4>\n<p>&nbsp;<\/p>\n<p>Desde el mirador de la Torre de Maro se disfruta del espectacular Paraje Natural Acantilados de Maro-Cerro Gordo. La panor\u00e1mica se compone de abruptos acantilados intercalados con playas y peque\u00f1as calas de dif\u00edcil acceso, mientras que en las laderas de la monta\u00f1a cuelgan impresionantes terrazas cultivadas a grandes alturas.<\/p>\n<p>Este enclave se extiende desde la torre de vigilancia costera de Maro hasta la Cala de Calaiza e incluye, adem\u00e1s, una franja marina de gran valor ecol\u00f3gico. Realizando el sendero que se adentra en el Bosque del Ca\u00f1uelo, se atraviesa por matorral mediterr\u00e1neo y masas arb\u00f3reas de pino carrasco, junto con especies poco comunes como el buxus balearicas. Este arbusto t\u00f3xico soporta temperaturas extremas y puede llegar a vivir m\u00e1s de quinientos a\u00f1os. La presencia de aves, como lavanderas o gaviotas, acompa\u00f1an durante el recorrido.<\/p>\n<p>Descendiendo a la playa, se observan en los acantilados aprovechamientos agr\u00edcolas relativamente recientes, como el cultivo de frutos tropicales. Estos nuevos ingredientes se han ido introduciendo en la cocina tradicional de la zona, diversific\u00e1ndola y enriqueci\u00e9ndola.<\/p>\n<p>En las inmediaciones del Paraje Natural se encuentra la Cueva de Nerja compuesta por distintas galer\u00edas, en las que se encuentran un sinf\u00edn de estalactitas, columnas y cascadas. En este lugar, se han hallado tambi\u00e9n importantes yacimientos arqueol\u00f3gicos del Paleol\u00edtico: restos humanos, pinturas rupestres, cer\u00e1micas y \u00fatiles diversos. Otras visitas pueden ser a la Torre de los Guardas, conocida como el Balc\u00f3n de Europa, el Acueducto del \u00c1guila en el Barranco de la Coladilla o los restos de una calzada romana en el barranco de Maro.Al sumergirse mar adentro desde playas como la de Cantarrij\u00e1n, se pueden disfrutar de grutas y fondos escarpados en los que habitan un gran n\u00famero de especies vegetales, as\u00ed como una rica variedad de fauna marina. Destacan las extensas praderas de Posidonia. A su abrigo conviven corales, esponjas y una amplia variedad de peces, algunos de vivos colores como el pez doncella o espectaculares como el pez luna. Un paseo en barco permite al visitante acercarse a lugares poco accesibles y de gran belleza. Durante el trayecto se pueden avistar los saltos y cabriolas de los delfines que atraviesan el Mediterr\u00e1neo, mientras que sobrevolando los acantilados, pueden identificarse al acecho rapaces como el cern\u00edcalo primilla o el veloz halc\u00f3n peregrino.[\/vc_column_text][vc_gallery interval=\u00bb3&#8243; images=\u00bb338,339,340&#8243; img_size=\u00bbfull\u00bb][\/vc_column][\/vc_row][vc_row css_animation=\u00bb\u00bb row_type=\u00bbrow\u00bb use_row_as_full_screen_section=\u00bbno\u00bb type=\u00bbfull_width\u00bb angled_section=\u00bbno\u00bb text_align=\u00bbleft\u00bb background_image_as_pattern=\u00bbwithout_pattern\u00bb][vc_column width=\u00bb2\/3&#8243;][vc_column_text]<\/p>\n<h3><strong>SENDERISMO<\/strong><\/h3>\n<p>&nbsp;<\/p>\n<p>Situada a unos 60 km. al este de M\u00e1laga, la ciudad de Nerja se beneficia de una posici\u00f3n particular, ademas de ser el punto m\u00e1s al este de la Costa del Sol. Por un lado est\u00e1 el mar Mediterr\u00e1neo con sus hermosas playas y aguas cristalinas, y por el otro las Sierras de Almijara, Tejeda y Alhama, un complejo monta\u00f1oso de agreste belleza. Estas monta\u00f1as fueron utilizadas por los pastores y mineros durante d\u00e9cadas y ahora han dejado cientos de kil\u00f3metros entre caminos y senderos, con diferentes niveles de dificultad, utilizados para hacer senderismo.<\/p>\n<p>M\u00edtica subida al pico del Cielo, el cual se eleva 1.508 metros sobre el nivel del mar, a tan solo seis kil\u00f3metros de la costa en l\u00ednea recta. La dificultad de la subida, con un desnivel de 1200 metros en apenas 6,93 km, se compensa con creces con la satisfacci\u00f3n que produce su culminaci\u00f3n y la contemplaci\u00f3n de las inmensas vistas de la Axarqu\u00eda y del mar entre las costas europeas y africanas.<\/p>\n<p>Traspasaremos sucesivos parajes que la creciente elevaci\u00f3n determina, y podremos observar en ellos la multitud de detalles que los distinguen y enriquecen. Poco a poco, la arboleda ha desaparecido y nos encontraremos rodeados de aulagas y romero. Alcanzaremos zigzagueando un collado a la cota de 1.090 metros, donde el camino gira bruscamente en una curva de herradura. a nuestra derecha hay un mirador natural desde el que ya tenemos vistas hacia la zona de Granada. Podremos ver La Herradura, Almu\u00f1\u00e9car, Motril y hasta el Cabo Sacratif. Proseguimos el sendero, simpre con la vista del Cielo delante de nosotros. La parte final del sendero es la m\u00e1s dura, ya que la pendiente aumenta bruscamente y ya las piernas est\u00e1n resentidas del ascenso acumulado. En la cumbre finaliza el sendero y comienza una aut\u00e9ntica sinfon\u00eda de sensaciones.<\/p>\n<p>El placer de haber consumado el ascenso se une al de poder contemplar \u2014si el d\u00eda lo permite\u2014 amplias panor\u00e1micas y horizontes sorprendentes. Dominaremos todo el eje monta\u00f1oso de Tejeda, Almijara y Alhama, con los picos de Navachica,el Lucero, El Cisne, El Almendr\u00f3n, Altos de la Mina y la Maroma. A nuestros pies, aparece el cerro Cabeza del Caballo (al sureste) o el Tajo el Barco (al oeste) y el barranco de los Colmarejos, donde a\u00fan se conservan un magn\u00edfico encinar y un espectacular pinar con ejemplares de pino carrasco y negral de m\u00e1s de cien a\u00f1os. Sierra Nevada y el mar Mediterr\u00e1neo hacen de tel\u00f3n de fondo al noreste y al sur respectivamente. Con suerte, m\u00e1s all\u00e1 a\u00fan, podremos ver la costa africana. Se tarda unas 2h 30 min. en subir si la forma f\u00edsica no es muy mala. Hay gente que lo hace en 3h.30 min. debido a la dureza del recorrido.[\/vc_column_text][\/vc_column][vc_column width=\u00bb1\/3&#8243;][vc_empty_space height=\u00bb200px\u00bb][vc_single_image image=\u00bb341&#8243; img_size=\u00bbfull\u00bb qode_css_animation=\u00bb\u00bb][\/vc_column][\/vc_row]<\/p>\n","protected":false},"excerpt":{"rendered":"<p>[vc_row css_animation=\u00bb\u00bb row_type=\u00bbrow\u00bb use_row_as_full_screen_section=\u00bbno\u00bb type=\u00bbfull_width\u00bb angled_section=\u00bbno\u00bb text_align=\u00bbleft\u00bb background_image_as_pattern=\u00bbwithout_pattern\u00bb][vc_column width=\u00bb2\/3&#8243;][vc_column_text] CONOCE NERJA &nbsp; Nerja es la ciudad tur\u00edstica m\u00e1s importante de la Costa del Sol oriental. Magn\u00edficamente cuidada, posee unos acantilados \u00fanicos, los de Maro, junto a unas playas de gran calidad. Ciudad tranquila y cosmopolita,&#8230;<\/p>\n","protected":false},"author":1,"featured_media":0,"parent":0,"menu_order":0,"comment_status":"closed","ping_status":"closed","template":"","meta":{"footnotes":""},"class_list":["post-333","page","type-page","status-publish","hentry"],"_links":{"self":[{"href":"https:\/\/bajamarhoteles.com\/index.php\/wp-json\/wp\/v2\/pages\/333","targetHints":{"allow":["GET"]}}],"collection":[{"href":"https:\/\/bajamarhoteles.com\/index.php\/wp-json\/wp\/v2\/pages"}],"about":[{"href":"https:\/\/bajamarhoteles.com\/index.php\/wp-json\/wp\/v2\/types\/page"}],"author":[{"embeddable":true,"href":"https:\/\/bajamarhoteles.com\/index.php\/wp-json\/wp\/v2\/users\/1"}],"replies":[{"embeddable":true,"href":"https:\/\/bajamarhoteles.com\/index.php\/wp-json\/wp\/v2\/comments?post=333"}],"version-history":[{"count":4,"href":"https:\/\/bajamarhoteles.com\/index.php\/wp-json\/wp\/v2\/pages\/333\/revisions"}],"predecessor-version":[{"id":342,"href":"https:\/\/bajamarhoteles.com\/index.php\/wp-json\/wp\/v2\/pages\/333\/revisions\/342"}],"wp:attachment":[{"href":"https:\/\/bajamarhoteles.com\/index.php\/wp-json\/wp\/v2\/media?parent=333"}],"curies":[{"name":"wp","href":"https:\/\/api.w.org\/{rel}","templated":true}]}}